{"id":3560,"date":"2018-11-14T12:28:22","date_gmt":"2018-11-14T12:28:22","guid":{"rendered":"http:\/\/jiv.net.br\/joinville-inspecao-veicular\/?page_id=3560"},"modified":"2023-02-17T11:31:59","modified_gmt":"2023-02-17T11:31:59","slug":"documentos-necessarios-a-execucao-da-inspecao","status":"publish","type":"page","link":"https:\/\/jiv.net.br\/joinville-inspecao-veicular\/documentos-necessarios-a-execucao-da-inspecao\/","title":{"rendered":"DOCUMENTOS NECESS\u00c1RIOS \u00c0 EXECU\u00c7\u00c3O DA INSPE\u00c7\u00c3O"},"content":{"rendered":"<p><a href=\"https:\/\/jiv.net.br\/joinville-inspecao-veicular\/wp-content\/uploads\/2023\/02\/joinville-inspecao-veicular.jpg\"><img loading=\"lazy\" decoding=\"async\" class=\"alignnone wp-image-3591\" src=\"http:\/\/jiv.net.br\/joinville-inspecao-veicular\/wp-content\/uploads\/2021\/07\/IMAGEM-SITE.jpg\" alt=\"\" width=\"480\" height=\"713\" srcset=\"https:\/\/jiv.net.br\/joinville-inspecao-veicular\/wp-content\/uploads\/2021\/07\/IMAGEM-SITE.jpg 1024w, https:\/\/jiv.net.br\/joinville-inspecao-veicular\/wp-content\/uploads\/2021\/07\/IMAGEM-SITE-202x300.jpg 202w, https:\/\/jiv.net.br\/joinville-inspecao-veicular\/wp-content\/uploads\/2021\/07\/IMAGEM-SITE-768x1142.jpg 768w, https:\/\/jiv.net.br\/joinville-inspecao-veicular\/wp-content\/uploads\/2021\/07\/IMAGEM-SITE-689x1024.jpg 689w\" sizes=\"auto, (max-width: 480px) 100vw, 480px\" \/><\/a><\/p>\n<h1>M\u00c9DIA DE TEMPO DE DURA\u00c7\u00c3O DOS SERVI\u00c7OS<\/h1>\n<p><strong>A inspe\u00e7\u00e3o leva em torno de 55 minutos<\/strong><\/p>\n<h1>RESPONS\u00c1VEL T\u00c9CNICO<\/h1>\n<p><strong>Gustavo Assmann Rockenbach<\/strong><\/p>\n<h3>CREA<\/h3>\n<p>114629-4<\/p>\n<h1>ACREDITADA PELA CGCRE<\/h1>\n<h3>DATA:<\/h3>\n<p><strong>25\/01\/2008<\/strong><\/p>\n<h3>V\u00c1LIDO AT\u00c9:<\/h3>\n<p><b>25\/01\/2024.<\/b><\/p>\n<h3>PORTARIA:<\/h3>\n<p><strong>Denatran\u00a03080\u00a0de\u00a02019<\/strong><\/p>\n","protected":false},"excerpt":{"rendered":"<p>M\u00c9DIA DE TEMPO DE DURA\u00c7\u00c3O DOS SERVI\u00c7OS A inspe\u00e7\u00e3o leva em torno de 55 minutos RESPONS\u00c1VEL T\u00c9CNICO Gustavo Assmann Rockenbach CREA 114629-4 ACREDITADA PELA CGCRE DATA: 25\/01\/2008 V\u00c1LIDO AT\u00c9: 25\/01\/2024. PORTARIA: Denatran\u00a03080\u00a0de\u00a02019<\/p>\n","protected":false},"author":1,"featured_media":0,"parent":0,"menu_order":0,"comment_status":"closed","ping_status":"closed","template":"","meta":{"footnotes":""},"class_list":["post-3560","page","type-page","status-publish","hentry"],"_links":{"self":[{"href":"https:\/\/jiv.net.br\/joinville-inspecao-veicular\/wp-json\/wp\/v2\/pages\/3560","targetHints":{"allow":["GET"]}}],"collection":[{"href":"https:\/\/jiv.net.br\/joinville-inspecao-veicular\/wp-json\/wp\/v2\/pages"}],"about":[{"href":"https:\/\/jiv.net.br\/joinville-inspecao-veicular\/wp-json\/wp\/v2\/types\/page"}],"author":[{"embeddable":true,"href":"https:\/\/jiv.net.br\/joinville-inspecao-veicular\/wp-json\/wp\/v2\/users\/1"}],"replies":[{"embeddable":true,"href":"https:\/\/jiv.net.br\/joinville-inspecao-veicular\/wp-json\/wp\/v2\/comments?post=3560"}],"version-history":[{"count":8,"href":"https:\/\/jiv.net.br\/joinville-inspecao-veicular\/wp-json\/wp\/v2\/pages\/3560\/revisions"}],"predecessor-version":[{"id":3608,"href":"https:\/\/jiv.net.br\/joinville-inspecao-veicular\/wp-json\/wp\/v2\/pages\/3560\/revisions\/3608"}],"wp:attachment":[{"href":"https:\/\/jiv.net.br\/joinville-inspecao-veicular\/wp-json\/wp\/v2\/media?parent=3560"}],"curies":[{"name":"wp","href":"https:\/\/api.w.org\/{rel}","templated":true}]}}