{"id":3556,"date":"2018-11-14T12:20:10","date_gmt":"2018-11-14T12:20:10","guid":{"rendered":"http:\/\/jiv.net.br\/joinville-inspecao-veicular\/?page_id=3556"},"modified":"2025-10-15T13:15:29","modified_gmt":"2025-10-15T13:15:29","slug":"tabela-de-precos","status":"publish","type":"page","link":"https:\/\/jiv.net.br\/joinville-inspecao-veicular\/tabela-de-precos\/","title":{"rendered":"Tabela de Pre\u00e7os"},"content":{"rendered":"<h2>GNV<\/h2>\n<p>INICIAL\/PERI\u00d3DICO R$ 400,00<br \/>\nRETIRADA DO KIT GNV R$ 900,00<\/p>\n<h2>SINISTRADO<\/h2>\n<p>AUTOM\u00d3VEIS R$ 600,00<br \/>\nMOTOS AT\u00c9 250CC R$ 600,00<br \/>\nMOTOS ACIMA DE 250CC R$ 800,00<br \/>\nCAMINHONETE R$ 700,00<br \/>\nCAMINH\u00c3O R$ 1100,00<br \/>\nMICROONIBUS R$ 1100,00<br \/>\n\u00d4NIBUS R$ 1100,00<br \/>\nMOTORCASA R$ 1900,00<\/p>\n<h2>FABRICA\u00c7\u00c3O PR\u00d3PRIA<\/h2>\n<p>AUTOM\u00d3VEL, BUGGY R$ 2.500,00<br \/>\nCAMINHONETE, CAMIONETA (MISTA) R$ 3.800,00<\/p>\n<h2>ALTERA\u00c7\u00c3O DE CARACTER\u00cdSTICAS<\/h2>\n<p>ALTERA\u00c7\u00c3O DA SUSPENS\u00c3O (REBAIXADOS) R$ 900,00<br \/>\nAUTOM\u00d3VEL R$ 600,00<br \/>\nMOTOS AT\u00c9 250CC R$ 600,00<br \/>\nMOTOS ACIMA DE 250CC R$ 800,00<br \/>\nCAMINHONETE R$ 700,00<br \/>\nCAMINH\u00c3O R$ 1100,00<br \/>\nMICRO\u00d4NIBUS R$ 1100,00<br \/>\n\u00d4NIBUS R$ 1100,00<br \/>\nMOTOR-CASA R$ 1900,00<br \/>\nBLINDADOS &#8211; TODOS R$ 1400,00<br \/>\nACESSIBILIDADE PARA MICRO\u00d4NIBUS R$ 750,00<\/p>\n<h2>LAUDOS<\/h2>\n<p>ANTT\/DETER R$ 600,00<br \/>\nSIE R$ 450,00<br \/>\nESCOLAR R$ 400,00<br \/>\nTURISMO\/FRETAMENTO R$ 400,00<br \/>\nSEGURAN\u00c7A VEIC &#8211; MOTOS AT\u00c9 250CC (LAUDO SEGURADORA) R$ 300,00<br \/>\nSEGURAN\u00c7A VEIC &#8211; MOTOS ACIMA DE 250CC (LAUDO SEGURADORA) R$ 600,00<br \/>\nSEGURAN\u00c7A VEIC &#8211; CARROS (LAUDO SEGURADORA) R$ 500,00<br \/>\nSEGURAN\u00c7A VEIC &#8211; CAMINH\u00d5ES (LAUDO SEGURADORA) R$ 700,00<br \/>\nCFC MOTO R$ 300,00<br \/>\nCFC AUTOM\u00d3VEL R$ 500,00<br \/>\nCFC \u00d4NIBUS\/MICRO\u00d4NIBUS R$ 800,00<\/p>\n<h1>RESPONS\u00c1VEL T\u00c9CNICO<\/h1>\n<p><strong>Gustavo Assmann Rockenbach<\/strong><\/p>\n<h3>CREA<\/h3>\n<p>114629-4<\/p>\n<h1>ACREDITADA PELA CGCRE<\/h1>\n<h3>DESDE 25\/01\/2008<\/h3>\n","protected":false},"excerpt":{"rendered":"<p>GNV INICIAL\/PERI\u00d3DICO R$ 400,00 RETIRADA DO KIT GNV R$ 900,00 SINISTRADO AUTOM\u00d3VEIS R$ 600,00 MOTOS AT\u00c9 250CC R$ 600,00 MOTOS ACIMA DE 250CC R$ 800,00 CAMINHONETE R$ 700,00 CAMINH\u00c3O R$ 1100,00 MICROONIBUS R$ 1100,00 \u00d4NIBUS R$ 1100,00 MOTORCASA R$ 1900,00 FABRICA\u00c7\u00c3O PR\u00d3PRIA AUTOM\u00d3VEL, BUGGY R$ 2.500,00 CAMINHONETE, CAMIONETA (MISTA) R$ 3.800,00 ALTERA\u00c7\u00c3O DE CARACTER\u00cdSTICAS ALTERA\u00c7\u00c3O DA SUSPENS\u00c3O (REBAIXADOS) R$ 900,00 AUTOM\u00d3VEL R$ 600,00 MOTOS AT\u00c9&#8230;<\/p>\n","protected":false},"author":1,"featured_media":0,"parent":0,"menu_order":0,"comment_status":"closed","ping_status":"closed","template":"","meta":{"footnotes":""},"class_list":["post-3556","page","type-page","status-publish","hentry"],"_links":{"self":[{"href":"https:\/\/jiv.net.br\/joinville-inspecao-veicular\/wp-json\/wp\/v2\/pages\/3556","targetHints":{"allow":["GET"]}}],"collection":[{"href":"https:\/\/jiv.net.br\/joinville-inspecao-veicular\/wp-json\/wp\/v2\/pages"}],"about":[{"href":"https:\/\/jiv.net.br\/joinville-inspecao-veicular\/wp-json\/wp\/v2\/types\/page"}],"author":[{"embeddable":true,"href":"https:\/\/jiv.net.br\/joinville-inspecao-veicular\/wp-json\/wp\/v2\/users\/1"}],"replies":[{"embeddable":true,"href":"https:\/\/jiv.net.br\/joinville-inspecao-veicular\/wp-json\/wp\/v2\/comments?post=3556"}],"version-history":[{"count":14,"href":"https:\/\/jiv.net.br\/joinville-inspecao-veicular\/wp-json\/wp\/v2\/pages\/3556\/revisions"}],"predecessor-version":[{"id":3630,"href":"https:\/\/jiv.net.br\/joinville-inspecao-veicular\/wp-json\/wp\/v2\/pages\/3556\/revisions\/3630"}],"wp:attachment":[{"href":"https:\/\/jiv.net.br\/joinville-inspecao-veicular\/wp-json\/wp\/v2\/media?parent=3556"}],"curies":[{"name":"wp","href":"https:\/\/api.w.org\/{rel}","templated":true}]}}