{"id":3443,"date":"2014-03-28T11:48:40","date_gmt":"2014-03-28T11:48:40","guid":{"rendered":"http:\/\/jiv.net.br\/joinville-inspecao-veicular\/?page_id=3443"},"modified":"2024-04-30T20:24:39","modified_gmt":"2024-04-30T20:24:39","slug":"home","status":"publish","type":"page","link":"https:\/\/jiv.net.br\/joinville-inspecao-veicular\/","title":{"rendered":"Home"},"content":{"rendered":"<div class=\"clr vcex-row-skin-\"  style=\"margin-top: 45px;\"><div class=\"wpb_row vc_row-fluid  container\">\n\t<div class=\"vc_span4 wpb_column column_container \">\n\t\t\t\n\t<div class=\"wpb_single_image wpb_content_element vc_align_left\">\n\t\t<div class=\"wpb_wrapper\">\n\t\t\t\n\t\t\t<a class=\"\" href=\"http:\/\/jiv.net.br\/joinville-inspecao-veicular\/quem-somos\/\"><img loading=\"lazy\" decoding=\"async\" src=\"https:\/\/jiv.net.br\/joinville-inspecao-veicular\/wp-content\/uploads\/2014\/03\/1home-2-290x176.png\" width=\"290\" height=\"176\" alt=\"1home-2\" \/><\/a>\n\t\t<\/div> \n\t<\/div> \n\t<\/div> \n\n\t<div class=\"vc_span4 wpb_column column_container \">\n\t\t\t\n\t<div class=\"wpb_single_image wpb_content_element vc_align_center\">\n\t\t<div class=\"wpb_wrapper\">\n\t\t\t\n\t\t\t<a class=\"\" href=\"http:\/\/jiv.net.br\/joinville-inspecao-veicular\/quem-somos\/\"><img loading=\"lazy\" decoding=\"async\" src=\"https:\/\/jiv.net.br\/joinville-inspecao-veicular\/wp-content\/uploads\/2014\/03\/2home-2-290x176.png\" width=\"290\" height=\"176\" alt=\"2home-2\" \/><\/a>\n\t\t<\/div> \n\t<\/div> \n\t<\/div> \n\n\t<div class=\"vc_span4 wpb_column column_container \">\n\t\t\t\n\t<div class=\"wpb_single_image wpb_content_element vc_align_right\">\n\t\t<div class=\"wpb_wrapper\">\n\t\t\t\n\t\t\t<a class=\"\" href=\"http:\/\/jiv.net.br\/joinville-inspecao-veicular\/quem-somos\/\"><img loading=\"lazy\" decoding=\"async\" src=\"https:\/\/jiv.net.br\/joinville-inspecao-veicular\/wp-content\/uploads\/2014\/03\/3home.png\" width=\"290\" height=\"176\" alt=\"3home\" \/><\/a>\n\t\t<\/div> \n\t<\/div> \n\t<\/div> \n<\/div><\/div><div class=\"clr vcex-row-skin-\"  style=\"padding-top: 30px;padding-bottom: 30px;\"><div class=\"wpb_row vc_row-fluid  container\">\n\t<div class=\"vc_span12 wpb_column column_container \">\n\t\t\t\n\t<div class=\"wpb_single_image wpb_content_element vc_align_left\">\n\t\t<div class=\"wpb_wrapper\">\n\t\t\t\n\t\t\t<img loading=\"lazy\" decoding=\"async\" src=\"https:\/\/jiv.net.br\/joinville-inspecao-veicular\/wp-content\/uploads\/2014\/03\/titulo_imagens1.png\" width=\"351\" height=\"47\" alt=\"titulo_imagens\" \/>\n\t\t<\/div> \n\t<\/div> <script type=\"text\/javascript\">\n\t\t\t\tjQuery(function($){\n\t\t\t\t\t$(window).load(function() {\n\t\t\t\t\t\t$(\"#vcex-image-grid-80\").masonry({\n\t\t\t\t\t\t  itemSelector: \".vcex-image-grid-entry\"\n\t\t\t\t\t\t});\n\t\t\t\t\t});\n\t\t\t\t});\n\t\t\t\t<\/script><div class=\"vcex-image-grid grid-style-no-margins clr vcex-gallery-lightbox\" id=\"vcex-image-grid-80\"><article class=\"vcex-image-grid-entry col one-fourth col-1\"><div class=\"vcex-image-grid-entry-img vcex-none \"><a href=\"https:\/\/jiv.net.br\/joinville-inspecao-veicular\/wp-content\/uploads\/2014\/03\/img1.jpg\" title=\"img1\" class=\"vcex-image-grid-entry-img\"><img decoding=\"async\" src=\"https:\/\/jiv.net.br\/joinville-inspecao-veicular\/wp-content\/uploads\/2014\/03\/img1-250x200.jpg\" alt=\"\" \/><\/a><!-- .vcex-image-grid-entry-img --><\/div><\/article><article class=\"vcex-image-grid-entry col one-fourth col-2\"><div class=\"vcex-image-grid-entry-img vcex-none \"><a href=\"https:\/\/jiv.net.br\/joinville-inspecao-veicular\/wp-content\/uploads\/2014\/03\/img2.jpg\" title=\"img2\" class=\"vcex-image-grid-entry-img\"><img decoding=\"async\" src=\"https:\/\/jiv.net.br\/joinville-inspecao-veicular\/wp-content\/uploads\/2014\/03\/img2-250x200.jpg\" alt=\"\" \/><\/a><!-- .vcex-image-grid-entry-img --><\/div><\/article><article class=\"vcex-image-grid-entry col one-fourth col-3\"><div class=\"vcex-image-grid-entry-img vcex-none \"><a href=\"https:\/\/jiv.net.br\/joinville-inspecao-veicular\/wp-content\/uploads\/2014\/03\/img3.jpg\" title=\"img3\" class=\"vcex-image-grid-entry-img\"><img decoding=\"async\" src=\"https:\/\/jiv.net.br\/joinville-inspecao-veicular\/wp-content\/uploads\/2014\/03\/img3-250x200.jpg\" alt=\"\" \/><\/a><!-- .vcex-image-grid-entry-img --><\/div><\/article><article class=\"vcex-image-grid-entry col one-fourth col-4\"><div class=\"vcex-image-grid-entry-img vcex-none \"><a href=\"https:\/\/jiv.net.br\/joinville-inspecao-veicular\/wp-content\/uploads\/2014\/03\/img4.jpg\" title=\"img4\" class=\"vcex-image-grid-entry-img\"><img decoding=\"async\" src=\"https:\/\/jiv.net.br\/joinville-inspecao-veicular\/wp-content\/uploads\/2014\/03\/img4-250x200.jpg\" alt=\"\" \/><\/a><!-- .vcex-image-grid-entry-img --><\/div><\/article><article class=\"vcex-image-grid-entry col one-fourth col-1\"><div class=\"vcex-image-grid-entry-img vcex-none \"><a href=\"https:\/\/jiv.net.br\/joinville-inspecao-veicular\/wp-content\/uploads\/2014\/03\/img5.jpg\" title=\"img5\" class=\"vcex-image-grid-entry-img\"><img decoding=\"async\" src=\"https:\/\/jiv.net.br\/joinville-inspecao-veicular\/wp-content\/uploads\/2014\/03\/img5-250x200.jpg\" alt=\"\" \/><\/a><!-- .vcex-image-grid-entry-img --><\/div><\/article><article class=\"vcex-image-grid-entry col one-fourth col-2\"><div class=\"vcex-image-grid-entry-img vcex-none \"><a href=\"https:\/\/jiv.net.br\/joinville-inspecao-veicular\/wp-content\/uploads\/2014\/03\/img6.jpg\" title=\"img6\" class=\"vcex-image-grid-entry-img\"><img decoding=\"async\" src=\"https:\/\/jiv.net.br\/joinville-inspecao-veicular\/wp-content\/uploads\/2014\/03\/img6-250x200.jpg\" alt=\"\" \/><\/a><!-- .vcex-image-grid-entry-img --><\/div><\/article><article class=\"vcex-image-grid-entry col one-fourth col-3\"><div class=\"vcex-image-grid-entry-img vcex-none \"><a href=\"https:\/\/jiv.net.br\/joinville-inspecao-veicular\/wp-content\/uploads\/2014\/03\/img7.jpg\" title=\"img7\" class=\"vcex-image-grid-entry-img\"><img decoding=\"async\" src=\"https:\/\/jiv.net.br\/joinville-inspecao-veicular\/wp-content\/uploads\/2014\/03\/img7-250x200.jpg\" alt=\"\" \/><\/a><!-- .vcex-image-grid-entry-img --><\/div><\/article><article class=\"vcex-image-grid-entry col one-fourth col-4\"><div class=\"vcex-image-grid-entry-img vcex-none \"><a href=\"https:\/\/jiv.net.br\/joinville-inspecao-veicular\/wp-content\/uploads\/2014\/03\/img8.jpg\" title=\"img8\" class=\"vcex-image-grid-entry-img\"><img decoding=\"async\" src=\"https:\/\/jiv.net.br\/joinville-inspecao-veicular\/wp-content\/uploads\/2014\/03\/img8-250x200.jpg\" alt=\"\" \/><\/a><!-- .vcex-image-grid-entry-img --><\/div><\/article><\/div>\n\t<div class=\"wpb_single_image wpb_content_element vc_align_center\">\n\t\t<div class=\"wpb_wrapper\">\n\t\t\t\n\t\t\t<img loading=\"lazy\" decoding=\"async\" src=\"https:\/\/jiv.net.br\/joinville-inspecao-veicular\/wp-content\/uploads\/2014\/03\/titulo_novidades.png\" width=\"351\" height=\"47\" alt=\"titulo_novidades\" \/>\n\t\t<\/div> \n\t<\/div> \n\t<\/div> \n<\/div><\/div><div class=\" vcex-row-bg-container vcex-row-skin-light\"  style=\"background-color: #ffffff;border-color: #dd3333;border-style: solid;border-width: 1;padding-top: 45px;padding-bottom: 30px;\"><div class=\"wpb_row vc_row-fluid  container\">\n\t<div class=\"vc_span12 column-dropshadow wpb_column column_container \">\n\t\t\t\t\t\t\t\t\t\t\t\t\t\t\t\t\t\t\t\t\t\t\t\t\t\t\t\t\t\t\n\t\t\t\t\t\t\t\t<script type=\"text\/javascript\">\n\t\t\t\tjQuery(function($){\n\t\t\t\t\t$(window).load(function() {\n\t\t\t\t\t\t\tfunction wpexBlogIsotope() {\n\t\t\t\t\t\t\t\tvar $container = $('#blog-97');\n\t\t\t\t\t\t\t\t$container.isotope({\n\t\t\t\t\t\t\t\t\titemSelector: '.vcex-blog-entry'\n\t\t\t\t\t\t\t\t});\n\t\t\t\t\t\t\t} wpexBlogIsotope();\n\t\t\t\t\t\t\tvar $filterLinks = $('.filter-blog-97 a');\n\t\t\t\t\t\t\t$filterLinks.each( function() {\n\t\t\t\t\t\t\t\tvar $filterableDiv = $(this).data('filter');\n\t\t\t\t\t\t\t\tif ( $filterableDiv == '*' ) {\n\t\t\t\t\t\t\t\t\t\/\/ ignore this one\n\t\t\t\t\t\t\t\t} else {\n\t\t\t\t\t\t\t\t\tif ( $($filterableDiv).width() ) {\n\t\t\t\t\t\t\t\t\t\t\/\/ keep these\n\t\t\t\t\t\t\t\t\t} else {\n\t\t\t\t\t\t\t\t\t\t\/\/ remove these\n\t\t\t\t\t\t\t\t\t\t$(this).hide();\n\t\t\t\t\t\t\t\t\t}\n\t\t\t\t\t\t\t\t}\n\t\t\t\t\t\t\t});\n\t\t\t\t\t\t\t$filterLinks.css({ opacity: 1 } );\n\t\t\t\t\t\t\t$filterLinks.click(function(){\n\t\t\t\t\t\t\t  var selector = $(this).attr('data-filter');\n\t\t\t\t\t\t\t\t$('#blog-97').isotope({ filter: selector });\n\t\t\t\t\t\t\t\t$(this).parents('ul').find('li').removeClass('active');\n\t\t\t\t\t\t\t\t$(this).parent('li').addClass('active');\n\t\t\t\t\t\t\t  return false;\n\t\t\t\t\t\t\t});\n\t\t\t\t\t\t\tvar isIE8 = $.browser.msie && +$.browser.version === 8;\n\t\t\t\t\t\t\tif (isIE8) {\n\t\t\t\t\t\t\t\tdocument.body.onresize = function () {\n\t\t\t\t\t\t\t\t\twpexBlogIsotope();\n\t\t\t\t\t\t\t\t};\n\t\t\t\t\t\t\t} else {\n\t\t\t\t\t\t\t\t$(window).resize(function () {\n\t\t\t\t\t\t\t\t\twpexBlogIsotope();\n\t\t\t\t\t\t\t\t});\n\t\t\t\t\t\t\t}\n\t\t\t\t\t\t\twindow.addEventListener(\"orientationchange\", function() {\n\t\t\t\t\t\t\t\twpexBlogIsotope();\n\t\t\t\t\t\t\t});\n\t\t\t\t\t});\n\t\t\t\t});\n\t\t\t\t<\/script>\n\t\t\t\t\t\t\n\t\t\t\t<div class=\"vcex-blog-grid vcex-clearfix vcex-masonry-grid\" id=\"blog-97\">\n\t\t\t\t\t\t\t\t\t\t\t\t\t\t\t<article id=\"#post-3462\" class=\"vcex-blog-entry col novidades  span_1_of_4 col-1\">\n\t\t\t\t\t\t\t\t\t\t\t\t\t\t\t\t\t\t<div class=\"vcex-blog-entry-media vcex-none\">\n\t\t\t\t\t\t\t\t\t\t\t\t\t\t\t\t\t\t\t\t\t\t\t\t<a href=\"https:\/\/jiv.net.br\/joinville-inspecao-veicular\/vantagens-do-gnv\/\" title=\"Vantagens do GNV\">\n\t\t\t\t\t\t\t\t\t\t\t\t\t\t\t\t\t\t\t\t\t\t\t\t\t\t\t\t\t\t\t<img decoding=\"async\" src=\"https:\/\/jiv.net.br\/joinville-inspecao-veicular\/wp-content\/uploads\/2014\/03\/INJETORES-GNV-ECOSPORT-2.0-250x200.jpg\" alt=\"Vantagens do GNV\" class=\"vcex-blog-entry-img\" \/>\n\t\t\t\t\t\t\t\t\t\t\t\t\t\t\t<\/a>\n\t\t\t\t\t\t\t\t\t\t\t\t\t<\/div><!-- .blog-entry-media -->\n\t\t\t\t\t\t\t\t\t\t\t   \t\t\t\t\t\t\t<div class=\"vcex-blog-entry-details clr\">\n\t\t\t\t\t\t\t\t\t\t\t\t\t\t\t\t\t<h2 class=\"vcex-blog-entry-title\"><a href=\"https:\/\/jiv.net.br\/joinville-inspecao-veicular\/vantagens-do-gnv\/\" title=\"Vantagens do GNV\">Vantagens do GNV<\/a><\/h2>\n\t\t\t\t\t\t\t\t\t\t\t\t\t\t\t\t\t\t\t\t\t\t\t\t\t\t\t\t\t\t\t<\/div><!-- .blog-entry-details -->\n\t\t\t\t\t\t\t\t\t\t\t<\/article><!-- .blog-entry -->\n\t\t\t\t\t\t\t\t\t\t\t\t\t\t\t\t\t\t\t\t<article id=\"#post-3459\" class=\"vcex-blog-entry col novidades  span_1_of_4 col-2\">\n\t\t\t\t\t\t\t\t\t\t\t\t\t\t\t\t\t\t<div class=\"vcex-blog-entry-media vcex-none\">\n\t\t\t\t\t\t\t\t\t\t\t\t\t\t\t\t\t\t\t\t\t\t\t\t<a href=\"https:\/\/jiv.net.br\/joinville-inspecao-veicular\/beneficios-da-inspecao\/\" title=\"Benef\u00edcios da Inspe\u00e7\u00e3o\">\n\t\t\t\t\t\t\t\t\t\t\t\t\t\t\t\t\t\t\t\t\t\t\t\t\t\t\t\t\t\t\t<img decoding=\"async\" src=\"https:\/\/jiv.net.br\/joinville-inspecao-veicular\/wp-content\/uploads\/2014\/03\/EMISSOES1-250x200.jpg\" alt=\"Benef\u00edcios da Inspe\u00e7\u00e3o\" class=\"vcex-blog-entry-img\" \/>\n\t\t\t\t\t\t\t\t\t\t\t\t\t\t\t<\/a>\n\t\t\t\t\t\t\t\t\t\t\t\t\t<\/div><!-- .blog-entry-media -->\n\t\t\t\t\t\t\t\t\t\t\t   \t\t\t\t\t\t\t<div class=\"vcex-blog-entry-details clr\">\n\t\t\t\t\t\t\t\t\t\t\t\t\t\t\t\t\t<h2 class=\"vcex-blog-entry-title\"><a href=\"https:\/\/jiv.net.br\/joinville-inspecao-veicular\/beneficios-da-inspecao\/\" title=\"Benef\u00edcios da Inspe\u00e7\u00e3o\">Benef\u00edcios da Inspe\u00e7\u00e3o<\/a><\/h2>\n\t\t\t\t\t\t\t\t\t\t\t\t\t\t\t\t\t\t\t\t\t\t\t\t\t\t\t\t\t\t\t<\/div><!-- .blog-entry-details -->\n\t\t\t\t\t\t\t\t\t\t\t<\/article><!-- .blog-entry -->\n\t\t\t\t\t\t\t\t\t\t\t\t\t\t\t\t\t\t\t\t<article id=\"#post-3456\" class=\"vcex-blog-entry col novidades  span_1_of_4 col-3\">\n\t\t\t\t\t\t\t\t\t\t\t\t\t\t\t\t\t\t<div class=\"vcex-blog-entry-media vcex-none\">\n\t\t\t\t\t\t\t\t\t\t\t\t\t\t\t\t\t\t\t\t\t\t\t\t<a href=\"https:\/\/jiv.net.br\/joinville-inspecao-veicular\/novaa-ferrari-f14t\/\" title=\"Hist\u00f3ria da Inspe\u00e7\u00e3o Veicular\">\n\t\t\t\t\t\t\t\t\t\t\t\t\t\t\t\t\t\t\t\t\t\t\t\t\t\t\t\t\t\t\t<img decoding=\"async\" src=\"https:\/\/jiv.net.br\/joinville-inspecao-veicular\/wp-content\/uploads\/2014\/03\/motor-250x200.jpg\" alt=\"Hist\u00f3ria da Inspe\u00e7\u00e3o Veicular\" class=\"vcex-blog-entry-img\" \/>\n\t\t\t\t\t\t\t\t\t\t\t\t\t\t\t<\/a>\n\t\t\t\t\t\t\t\t\t\t\t\t\t<\/div><!-- .blog-entry-media -->\n\t\t\t\t\t\t\t\t\t\t\t   \t\t\t\t\t\t\t<div class=\"vcex-blog-entry-details clr\">\n\t\t\t\t\t\t\t\t\t\t\t\t\t\t\t\t\t<h2 class=\"vcex-blog-entry-title\"><a href=\"https:\/\/jiv.net.br\/joinville-inspecao-veicular\/novaa-ferrari-f14t\/\" title=\"Hist\u00f3ria da Inspe\u00e7\u00e3o Veicular\">Hist\u00f3ria da Inspe\u00e7\u00e3o Veicular<\/a><\/h2>\n\t\t\t\t\t\t\t\t\t\t\t\t\t\t\t\t\t\t\t\t\t\t\t\t\t\t\t\t\t\t\t<\/div><!-- .blog-entry-details -->\n\t\t\t\t\t\t\t\t\t\t\t<\/article><!-- .blog-entry -->\n\t\t\t\t\t\t\t\t\t\t\t\t\t\t<\/div><!-- .vcex-blog-grid -->\n\t\t\t\t\n\t\t\t\t\n\t<\/div> \n<\/div><\/div>\n","protected":false},"excerpt":{"rendered":"A inspe\u00e7\u00e3o veicular \u00e9 o termo gen\u00e9rico para a avalia\u00e7\u00e3o realizada em ve\u00edculos terrestres, verificando suas condi\u00e7\u00f5es de conserva\u00e7\u00e3o, manuten\u00e7\u00e3o e outras. Existem alguns termos que se distinguem, tais como: VISTORIA: onde um profissional com experi\u00eancia e treinamento avalia \u00edtens visualmente, sem a utiliza\u00e7\u00e3o de equipamentos de teste mais avan\u00e7ados. No caso, vistoria-se tamb\u00e9m os documentos, hist\u00f3rico do ve\u00edculo nos cadastros p\u00fablicos dos \u00f3rg\u00e3os de...","protected":false},"author":1,"featured_media":0,"parent":0,"menu_order":0,"comment_status":"closed","ping_status":"closed","template":"","meta":{"footnotes":""},"class_list":["post-3443","page","type-page","status-publish","hentry","blog-entry clr","span_1_of_3","grid-entry-style"],"_links":{"self":[{"href":"https:\/\/jiv.net.br\/joinville-inspecao-veicular\/wp-json\/wp\/v2\/pages\/3443","targetHints":{"allow":["GET"]}}],"collection":[{"href":"https:\/\/jiv.net.br\/joinville-inspecao-veicular\/wp-json\/wp\/v2\/pages"}],"about":[{"href":"https:\/\/jiv.net.br\/joinville-inspecao-veicular\/wp-json\/wp\/v2\/types\/page"}],"author":[{"embeddable":true,"href":"https:\/\/jiv.net.br\/joinville-inspecao-veicular\/wp-json\/wp\/v2\/users\/1"}],"replies":[{"embeddable":true,"href":"https:\/\/jiv.net.br\/joinville-inspecao-veicular\/wp-json\/wp\/v2\/comments?post=3443"}],"version-history":[{"count":18,"href":"https:\/\/jiv.net.br\/joinville-inspecao-veicular\/wp-json\/wp\/v2\/pages\/3443\/revisions"}],"predecessor-version":[{"id":3505,"href":"https:\/\/jiv.net.br\/joinville-inspecao-veicular\/wp-json\/wp\/v2\/pages\/3443\/revisions\/3505"}],"wp:attachment":[{"href":"https:\/\/jiv.net.br\/joinville-inspecao-veicular\/wp-json\/wp\/v2\/media?parent=3443"}],"curies":[{"name":"wp","href":"https:\/\/api.w.org\/{rel}","templated":true}]}}