{"id":3407,"date":"2014-02-23T21:30:31","date_gmt":"2014-02-23T21:30:31","guid":{"rendered":"http:\/\/jiv.net.br\/joinville-inspecao-veicular\/?page_id=3407"},"modified":"2023-02-17T16:39:27","modified_gmt":"2023-02-17T16:39:27","slug":"contato","status":"publish","type":"page","link":"https:\/\/jiv.net.br\/joinville-inspecao-veicular\/contato\/","title":{"rendered":"Contato"},"content":{"rendered":"<p>Contate-nos via formul\u00e1rio de contato, ou utilize um de nossos endere\u00e7os de email abaixo:<\/p>\n<h2>EMAIL PARA CONTATO<\/h2>\n<p>contato@joinvilleinspecao.com.br<\/p>\n<h2>TELEFONES<\/h2>\n<p>47 3435.0177 ou 3025-7177<\/p>\n<h2>ENDERE\u00c7O<\/h2>\n<p>Rua Dom Pedro II, 61 &#8211;<br \/>\nBairro Am\u00e9rica Joinville\/SC<br \/>\nCEP 89204-160<\/p>\n<div class=\"wpforms-container wpforms-container-full\" id=\"wpforms-3617\"><form id=\"wpforms-form-3617\" class=\"wpforms-validate wpforms-form wpforms-ajax-form\" data-formid=\"3617\" method=\"post\" enctype=\"multipart\/form-data\" action=\"\/joinville-inspecao-veicular\/wp-json\/wp\/v2\/pages\/3407\" data-token=\"aba2c6fe302c737783d13e080f1df791\" data-token-time=\"1775386336\"><noscript class=\"wpforms-error-noscript\">Ative o JavaScript no seu navegador para preencher este formul\u00e1rio.<\/noscript><div class=\"wpforms-field-container\"><div id=\"wpforms-3617-field_0-container\" class=\"wpforms-field wpforms-field-name\" data-field-id=\"0\"><label class=\"wpforms-field-label\">Nome <span class=\"wpforms-required-label\">*<\/span><\/label><div class=\"wpforms-field-row wpforms-field-medium\"><div class=\"wpforms-field-row-block wpforms-first wpforms-one-half\"><input type=\"text\" id=\"wpforms-3617-field_0\" class=\"wpforms-field-name-first wpforms-field-required\" name=\"wpforms[fields][0][first]\" required><label for=\"wpforms-3617-field_0\" class=\"wpforms-field-sublabel after\">Nome<\/label><\/div><div class=\"wpforms-field-row-block wpforms-one-half\"><input type=\"text\" id=\"wpforms-3617-field_0-last\" class=\"wpforms-field-name-last wpforms-field-required\" name=\"wpforms[fields][0][last]\" required><label for=\"wpforms-3617-field_0-last\" class=\"wpforms-field-sublabel after\">Sobrenome<\/label><\/div><\/div><\/div>\t\t<div id=\"wpforms-3617-field_3-container\"\n\t\t\tclass=\"wpforms-field wpforms-field-text\"\n\t\t\tdata-field-type=\"text\"\n\t\t\tdata-field-id=\"3\"\n\t\t\t>\n\t\t\t<label class=\"wpforms-field-label\" for=\"wpforms-3617-field_3\" >Nome ou Coment\u00e1rio<\/label>\n\t\t\t<input type=\"text\" id=\"wpforms-3617-field_3\" class=\"wpforms-field-medium\" name=\"wpforms[fields][3]\" >\n\t\t<\/div>\n\t\t<div id=\"wpforms-3617-field_1-container\" class=\"wpforms-field wpforms-field-email\" data-field-id=\"1\"><label class=\"wpforms-field-label\" for=\"wpforms-3617-field_1\">E-mail <span class=\"wpforms-required-label\">*<\/span><\/label><input type=\"email\" id=\"wpforms-3617-field_1\" class=\"wpforms-field-medium wpforms-field-required\" name=\"wpforms[fields][1]\" spellcheck=\"false\" required><\/div><div id=\"wpforms-3617-field_2-container\" class=\"wpforms-field wpforms-field-textarea\" data-field-id=\"2\"><label class=\"wpforms-field-label\" for=\"wpforms-3617-field_2\">Coment\u00e1rio ou Mensagem<\/label><textarea id=\"wpforms-3617-field_2\" class=\"wpforms-field-medium\" name=\"wpforms[fields][2]\" ><\/textarea><\/div><script>\n\t\t\t\t( function() {\n\t\t\t\t\tconst style = document.createElement( 'style' );\n\t\t\t\t\tstyle.appendChild( document.createTextNode( '#wpforms-3617-field_3-container { position: absolute !important; overflow: hidden !important; display: inline !important; height: 1px !important; width: 1px !important; z-index: -1000 !important; padding: 0 !important; } #wpforms-3617-field_3-container input { visibility: hidden; } #wpforms-conversational-form-page #wpforms-3617-field_3-container label { counter-increment: none; }' ) );\n\t\t\t\t\tdocument.head.appendChild( style );\n\t\t\t\t\tdocument.currentScript?.remove();\n\t\t\t\t} )();\n\t\t\t<\/script><\/div><!-- .wpforms-field-container --><div class=\"wpforms-recaptcha-container wpforms-is-recaptcha wpforms-is-recaptcha-type-v2\" ><div class=\"g-recaptcha\" data-sitekey=\"6LfZ6xgsAAAAAGiEhhX6Ah3SyQX2n6m3MEB9h3PM\"><\/div><input type=\"text\" name=\"g-recaptcha-hidden\" class=\"wpforms-recaptcha-hidden\" style=\"position:absolute!important;clip:rect(0,0,0,0)!important;height:1px!important;width:1px!important;border:0!important;overflow:hidden!important;padding:0!important;margin:0!important;\" data-rule-recaptcha=\"1\"><\/div><div class=\"wpforms-submit-container\" ><input type=\"hidden\" name=\"wpforms[id]\" value=\"3617\"><input type=\"hidden\" name=\"page_title\" value=\"\"><input type=\"hidden\" name=\"page_url\" value=\"https:\/\/jiv.net.br\/joinville-inspecao-veicular\/wp-json\/wp\/v2\/pages\/3407\"><input type=\"hidden\" name=\"url_referer\" value=\"\"><button type=\"submit\" name=\"wpforms[submit]\" id=\"wpforms-submit-3617\" class=\"wpforms-submit\" data-alt-text=\"Enviando...\" data-submit-text=\"Enviar\" aria-live=\"assertive\" value=\"wpforms-submit\">Enviar<\/button><img loading=\"lazy\" decoding=\"async\" src=\"https:\/\/jiv.net.br\/joinville-inspecao-veicular\/wp-content\/plugins\/wpforms-lite\/assets\/images\/submit-spin.svg\" class=\"wpforms-submit-spinner\" style=\"display: none;\" width=\"26\" height=\"26\" alt=\"Carregando\"><\/div><\/form><\/div>  <!-- .wpforms-container -->\n","protected":false},"excerpt":{"rendered":"<p>Contate-nos via formul\u00e1rio de contato, ou utilize um de nossos endere\u00e7os de email abaixo: EMAIL PARA CONTATO contato@joinvilleinspecao.com.br TELEFONES 47 3435.0177 ou 3025-7177 ENDERE\u00c7O Rua Dom Pedro II, 61 &#8211; Bairro Am\u00e9rica Joinville\/SC CEP 89204-160<\/p>\n","protected":false},"author":1,"featured_media":0,"parent":0,"menu_order":0,"comment_status":"closed","ping_status":"closed","template":"","meta":{"footnotes":""},"class_list":["post-3407","page","type-page","status-publish","hentry"],"_links":{"self":[{"href":"https:\/\/jiv.net.br\/joinville-inspecao-veicular\/wp-json\/wp\/v2\/pages\/3407","targetHints":{"allow":["GET"]}}],"collection":[{"href":"https:\/\/jiv.net.br\/joinville-inspecao-veicular\/wp-json\/wp\/v2\/pages"}],"about":[{"href":"https:\/\/jiv.net.br\/joinville-inspecao-veicular\/wp-json\/wp\/v2\/types\/page"}],"author":[{"embeddable":true,"href":"https:\/\/jiv.net.br\/joinville-inspecao-veicular\/wp-json\/wp\/v2\/users\/1"}],"replies":[{"embeddable":true,"href":"https:\/\/jiv.net.br\/joinville-inspecao-veicular\/wp-json\/wp\/v2\/comments?post=3407"}],"version-history":[{"count":6,"href":"https:\/\/jiv.net.br\/joinville-inspecao-veicular\/wp-json\/wp\/v2\/pages\/3407\/revisions"}],"predecessor-version":[{"id":3621,"href":"https:\/\/jiv.net.br\/joinville-inspecao-veicular\/wp-json\/wp\/v2\/pages\/3407\/revisions\/3621"}],"wp:attachment":[{"href":"https:\/\/jiv.net.br\/joinville-inspecao-veicular\/wp-json\/wp\/v2\/media?parent=3407"}],"curies":[{"name":"wp","href":"https:\/\/api.w.org\/{rel}","templated":true}]}}