{"id":3404,"date":"2014-02-23T21:26:42","date_gmt":"2014-02-23T21:26:42","guid":{"rendered":"http:\/\/jiv.net.br\/joinville-inspecao-veicular\/?page_id=3404"},"modified":"2023-02-17T11:33:00","modified_gmt":"2023-02-17T11:33:00","slug":"servicos","status":"publish","type":"page","link":"https:\/\/jiv.net.br\/joinville-inspecao-veicular\/servicos\/","title":{"rendered":"Servi\u00e7os"},"content":{"rendered":"<p><strong>Rela\u00e7\u00e3o de Servi\u00e7os Acreditados pela CGCRE<\/strong><\/p>\n<p>&nbsp;<\/p>\n<h2>SERVI\u00c7OS &gt;&gt; ACREDITADO DESDE<\/h2>\n<p>Autom\u00f3vel com sistema de GNV instalado 23\/06\/2006<br \/>\nAutom\u00f3vel modificado ou fabricado artesanalmente 19\/05\/2004<br \/>\nAutom\u00f3vel recuperado de sinistro 19\/05\/2004<br \/>\nCaminh\u00e3o com sistema de GNV instalado 23\/06\/2006<br \/>\nCaminh\u00e3o modificado 19\/05\/2004<br \/>\nCaminh\u00e3o recuperado de sinistro 19\/05\/2004<br \/>\nCaminhonete com sistema de GNV instalado 23\/06\/2006<br \/>\nCaminhonete modificada ou fabricada artesanalmente 19\/05\/2004<br \/>\nCaminhonete recuperada de sinistro 19\/05\/2004<br \/>\nCamioneta com sistema de GNV instalado 23\/06\/2006<br \/>\nCamioneta modificada ou fabricada artesanalmente 19\/05\/2004<br \/>\nCamioneta recuperada de sinistro 19\/05\/2004<br \/>\nMicro\u00f4nibus com sistema de GNV instalado 23\/06\/2006<br \/>\nMicro\u00f4nibus modificado 19\/05\/2004<br \/>\nMicro\u00f4nibus recuperado de sinistro 19\/05\/2004<br \/>\n\u00d4nibus com sistema de GNV instalado 07\/08\/2009<br \/>\n\u00d4nibus modificado 19\/05\/2004<br \/>\n\u00d4nibus recuperado de sinistro 19\/05\/2004<br \/>\nUtilit\u00e1rio com sistema de GNV instalado 23\/06\/2006<br \/>\nUtilit\u00e1rio modificado ou fabricado artesanalmente 19\/05\/2004<br \/>\nUtilit\u00e1rio recuperado de sinistro 19\/05\/2004<\/p>\n<p><strong>Rela\u00e7\u00e3o de outros servi\u00e7os prestados pelo Organismo<\/strong><\/p>\n<h2>SERVI\u00c7OS<\/h2>\n<p>Micro\u00f4nibus para transporte escolar<br \/>\n\u00d4nibus para transporte escolar<br \/>\nMicro\u00f4nibus para transporte eventual e tur\u00edstico (ANTT)<br \/>\n\u00d4nibus para transporte eventual e tur\u00edstico (ANTT)<br \/>\nCaminh\u00e3o para transporte Internacional de Cargas<br \/>\nCaminh\u00e3o trator para transporte Internacional de Cargas<br \/>\nReboque para transporte Internacional de Cargas<br \/>\nSemirreboque para transporte Internacional de Cargas<\/p>\n<h1>RESPONS\u00c1VEL T\u00c9CNICO<\/h1>\n<p><strong>Gustavo Assmann Rockenbach<\/strong><\/p>\n<h3>CREA<\/h3>\n<p>114629-4<\/p>\n<h1>ACREDITADA PELA CGCRE<\/h1>\n<h3>DATA:<\/h3>\n<p><strong>25\/01\/2008<\/strong><\/p>\n<h3>V\u00c1LIDO AT\u00c9:<\/h3>\n<p><b>25\/01\/2024.<\/b><\/p>\n<h3>PORTARIA:<\/h3>\n<p><strong>Denatran\u00a03080\u00a0de\u00a02019<\/strong><\/p>\n","protected":false},"excerpt":{"rendered":"<p>Rela\u00e7\u00e3o de Servi\u00e7os Acreditados pela CGCRE &nbsp; SERVI\u00c7OS &gt;&gt; ACREDITADO DESDE Autom\u00f3vel com sistema de GNV instalado 23\/06\/2006 Autom\u00f3vel modificado ou fabricado artesanalmente 19\/05\/2004 Autom\u00f3vel recuperado de sinistro 19\/05\/2004 Caminh\u00e3o com sistema de GNV instalado 23\/06\/2006 Caminh\u00e3o modificado 19\/05\/2004 Caminh\u00e3o recuperado de sinistro 19\/05\/2004 Caminhonete com sistema de GNV instalado 23\/06\/2006 Caminhonete modificada ou fabricada artesanalmente 19\/05\/2004 Caminhonete recuperada de sinistro 19\/05\/2004 Camioneta com sistema&#8230;<\/p>\n","protected":false},"author":1,"featured_media":0,"parent":0,"menu_order":0,"comment_status":"closed","ping_status":"closed","template":"","meta":{"footnotes":""},"class_list":["post-3404","page","type-page","status-publish","hentry"],"_links":{"self":[{"href":"https:\/\/jiv.net.br\/joinville-inspecao-veicular\/wp-json\/wp\/v2\/pages\/3404","targetHints":{"allow":["GET"]}}],"collection":[{"href":"https:\/\/jiv.net.br\/joinville-inspecao-veicular\/wp-json\/wp\/v2\/pages"}],"about":[{"href":"https:\/\/jiv.net.br\/joinville-inspecao-veicular\/wp-json\/wp\/v2\/types\/page"}],"author":[{"embeddable":true,"href":"https:\/\/jiv.net.br\/joinville-inspecao-veicular\/wp-json\/wp\/v2\/users\/1"}],"replies":[{"embeddable":true,"href":"https:\/\/jiv.net.br\/joinville-inspecao-veicular\/wp-json\/wp\/v2\/comments?post=3404"}],"version-history":[{"count":10,"href":"https:\/\/jiv.net.br\/joinville-inspecao-veicular\/wp-json\/wp\/v2\/pages\/3404\/revisions"}],"predecessor-version":[{"id":3609,"href":"https:\/\/jiv.net.br\/joinville-inspecao-veicular\/wp-json\/wp\/v2\/pages\/3404\/revisions\/3609"}],"wp:attachment":[{"href":"https:\/\/jiv.net.br\/joinville-inspecao-veicular\/wp-json\/wp\/v2\/media?parent=3404"}],"curies":[{"name":"wp","href":"https:\/\/api.w.org\/{rel}","templated":true}]}}