{"id":3402,"date":"2014-02-23T21:26:12","date_gmt":"2014-02-23T21:26:12","guid":{"rendered":"http:\/\/jiv.net.br\/joinville-inspecao-veicular\/?page_id=3402"},"modified":"2023-02-17T11:12:31","modified_gmt":"2023-02-17T11:12:31","slug":"quem-somos","status":"publish","type":"page","link":"https:\/\/jiv.net.br\/joinville-inspecao-veicular\/quem-somos\/","title":{"rendered":"Quem somos"},"content":{"rendered":"<div class=\"vce-row-container\" data-vce-boxed-width=\"true\"><div class=\"vce-row vce-row--col-gap-30 vce-row-equal-height vce-row-content--top\" id=\"el-3e6a7517\" data-vce-do-apply=\"all el-3e6a7517\"><div class=\"vce-row-content\" data-vce-element-content=\"true\"><div class=\"vce-col vce-col--md-auto vce-col--xs-1 vce-col--xs-last vce-col--xs-first vce-col--sm-last vce-col--sm-first vce-col--md-last vce-col--lg-last vce-col--xl-last vce-col--md-first vce-col--lg-first vce-col--xl-first\" id=\"el-8e42be4a\"><div class=\"vce-col-inner\" data-vce-do-apply=\"border margin background  el-8e42be4a\"><div class=\"vce-col-content\" data-vce-element-content=\"true\" data-vce-do-apply=\"padding el-8e42be4a\"><div class=\"vce-text-block\"><div class=\"vce-text-block-wrapper vce\" id=\"el-80c33f51\" data-vce-do-apply=\"all el-80c33f51\"><p><div class=\"clr vcex-row-skin-\" ><div class=\"wpb_row vc_row-fluid  \">\n\t<div class=\"vc_span6 wpb_column column_container \">\n\t\t\t\n\t\t\t<script type=\"text\/javascript\">\n\t\t\t\tjQuery(function($){\n\t\t\t\t\t$(window).load(function() {\n\t\t\t\t\t\t$(\"#flexslider-86\").flexslider({\n\t\t\t\t\t\t\tanimation: \"slide\",\n\t\t\t\t\t\t\tslideshow : true,\n\t\t\t\t\t\t\trandomize : false,\n\t\t\t\t\t\t\tdirection: \"horizontal\",\n\t\t\t\t\t\t\tslideshowSpeed: 7000,\n\t\t\t\t\t\t\tanimationSpeed: 600,\n\t\t\t\t\t\t\tcontrolNav : true,\n\t\t\t\t\t\t\tdirectionNav: true,\n\t\t\t\t\t\t\tpauseOnHover: true,\n\t\t\t\t\t\t\tsmoothHeight: true,\n\t\t\t\t\t\t\tprevText : '<i class=fa fa-chevron-left\"><\/i>',\n\t\t\t\t\t\t\tnextText : '<i class=\"fa fa-chevron-right\"><\/i>'\n\t\t\t\t\t\t});\n\t\t\t\t\t});\n\t\t\t\t});\n\t\t\t<\/script><div class=\"vcex-flexslider-wrap clr vcex-img-flexslider\"><div id=\"flexslider-86\" class=\"vcex-flexslider flexslider\"><ul class=\"slides\"><li class=\"vcex-flexslider-slide slide\"><div class=\"vcex-flexslider-entry-media\"><img src=\"https:\/\/jiv.net.br\/joinville-inspecao-veicular\/wp-content\/uploads\/2014\/03\/img6.jpg\" alt=\"\" \/><\/div><\/li><li class=\"vcex-flexslider-slide slide\"><div class=\"vcex-flexslider-entry-media\"><img src=\"https:\/\/jiv.net.br\/joinville-inspecao-veicular\/wp-content\/uploads\/2014\/03\/img5.jpg\" alt=\"\" \/><\/div><\/li><li class=\"vcex-flexslider-slide slide\"><div class=\"vcex-flexslider-entry-media\"><img src=\"https:\/\/jiv.net.br\/joinville-inspecao-veicular\/wp-content\/uploads\/2014\/03\/img3.jpg\" alt=\"\" \/><\/div><\/li><li class=\"vcex-flexslider-slide slide\"><div class=\"vcex-flexslider-entry-media\"><img src=\"https:\/\/jiv.net.br\/joinville-inspecao-veicular\/wp-content\/uploads\/2014\/03\/img2.jpg\" alt=\"\" \/><\/div><\/li><\/ul><\/div><\/div><div class=\"vcex-clear-floats\"><\/div>\n\t<\/div> \n\n\t<div class=\"vc_span6 wpb_column column_container \">\n\t\t\t\n\t<div class=\"wpb_text_column wpb_content_element \">\n\t\t<div class=\"wpb_wrapper\">\n\t\t\t<p>A Joinville Inspe\u00e7\u00e3o Veicular \u00e9 um Organismo de Inspe\u00e7\u00e3o de Seguran\u00e7a Veicular acreditado pela CGCRE como OIA-SV (Seguran\u00e7a Veicular), licenciado pelo DENATRAN como I.T.L - Institui\u00e7\u00e3o T\u00e9cnica Licenciada, est\u00e1 no mercado desde mar\u00e7o de 2008. Junto a isso, possui em sua equipe, 2 engenheiros mec\u00e2nicos, 2 t\u00e9cnicos mec\u00e2nicos&nbsp;&nbsp; em seu corpo-t\u00e9cnico.&nbsp; Possui equipamentos de alta tecnologia que passam periodicamente por calibra\u00e7\u00f5es e aferi\u00e7\u00f5es do INMETRO, que confirmam sua exatid\u00e3o para fazer uma inspe\u00e7\u00e3o de qualidade em seu ve\u00edculo.<\/p>\n<p>Traga seu carro ou o carro que deseja comprar para a Joinville Inspe\u00e7\u00e3o Veicular, confian\u00e7a, experi\u00eancia, conhecimento e qualidade verdadeiramente, diferenciados.<\/p>\n<p><strong style=\"line-height: 1.5em;\">Miss\u00e3o:<\/strong><\/p>\n<p>Nossa miss\u00e3o \u00e9 crescer, mantendo uma organiza\u00e7\u00e3o s\u00f3lida, buscando a melhoria permanente dos servi\u00e7os oferecidos, atrav\u00e9s do permanente treinamento e aperfei\u00e7oamento dos recursos humanos e tecnol\u00f3gicos, sendo eficiente e comprometido com o respeito, cortesia e honestidade aos nossos fornecedores, clientes e parceiros, al\u00e9m de respeito \u00e9tico para com nossos concorrentes.<\/p>\n<p><strong>Pol\u00edtica da qualidade:<\/strong><\/p>\n<p>Prestar servi\u00e7os de inspe\u00e7\u00e3o de seguran\u00e7a veicular e engenharia mec\u00e2nica com imparcialidade, efici\u00eancia, confidencialidade e qualidade, visando a melhoria constante do atendimento ao cliente, respeitando a legisla\u00e7\u00e3o de tr\u00e2nsito e ambiental vigentes e ainda, as regulamenta\u00e7\u00f5es t\u00e9cnicas do INMETRO.<\/p>\n\n\t\t<\/div> \n\t<\/div> \n\t<\/div> \n<\/div><\/div><\/p>\n<h1>RESPONS\u00c1VEL T\u00c9CNICO<\/h1>\n<p><strong>Gustavo Assmann Rockenbach<\/strong><\/p>\n<h3>CREA<\/h3>\n<p>114629-4<\/p>\n<h1>ACREDITADA PELA CGCRE<\/h1>\n<h3>DATA:<\/h3>\n<p><strong>25\/01\/2008<\/strong><\/p>\n<h3>V\u00c1LIDO AT\u00c9:<\/h3>\n<p><strong>25\/01\/2024<\/strong><\/p>\n<h3>PORTARIA:<\/h3>\n<p><strong>Denatran 3080 de 2019<\/strong><\/p>\n<h3>CREA<\/h3>\n<p>063786-3<\/p><\/div><\/div><\/div><\/div><\/div><\/div><\/div><\/div>\n","protected":false},"excerpt":{"rendered":"<p>RESPONS\u00c1VEL T\u00c9CNICO Gustavo Assmann Rockenbach CREA 114629-4 ACREDITADA PELA CGCRE DATA: 25\/01\/2008 V\u00c1LIDO AT\u00c9: 25\/01\/2024 PORTARIA: Denatran 3080 de 2019 CREA 063786-3<\/p>\n","protected":false},"author":1,"featured_media":0,"parent":0,"menu_order":0,"comment_status":"closed","ping_status":"closed","template":"","meta":{"footnotes":""},"class_list":["post-3402","page","type-page","status-publish","hentry"],"_links":{"self":[{"href":"https:\/\/jiv.net.br\/joinville-inspecao-veicular\/wp-json\/wp\/v2\/pages\/3402","targetHints":{"allow":["GET"]}}],"collection":[{"href":"https:\/\/jiv.net.br\/joinville-inspecao-veicular\/wp-json\/wp\/v2\/pages"}],"about":[{"href":"https:\/\/jiv.net.br\/joinville-inspecao-veicular\/wp-json\/wp\/v2\/types\/page"}],"author":[{"embeddable":true,"href":"https:\/\/jiv.net.br\/joinville-inspecao-veicular\/wp-json\/wp\/v2\/users\/1"}],"replies":[{"embeddable":true,"href":"https:\/\/jiv.net.br\/joinville-inspecao-veicular\/wp-json\/wp\/v2\/comments?post=3402"}],"version-history":[{"count":8,"href":"https:\/\/jiv.net.br\/joinville-inspecao-veicular\/wp-json\/wp\/v2\/pages\/3402\/revisions"}],"predecessor-version":[{"id":3602,"href":"https:\/\/jiv.net.br\/joinville-inspecao-veicular\/wp-json\/wp\/v2\/pages\/3402\/revisions\/3602"}],"wp:attachment":[{"href":"https:\/\/jiv.net.br\/joinville-inspecao-veicular\/wp-json\/wp\/v2\/media?parent=3402"}],"curies":[{"name":"wp","href":"https:\/\/api.w.org\/{rel}","templated":true}]}}